{"id":350,"date":"2025-12-12T17:08:25","date_gmt":"2025-12-12T17:08:25","guid":{"rendered":"https:\/\/www.kaptalis-consult.com\/?page_id=350"},"modified":"2025-12-13T17:53:27","modified_gmt":"2025-12-13T17:53:27","slug":"mentions-legales","status":"publish","type":"page","link":"https:\/\/www.kaptalis-consult.com\/index.php\/mentions-legales\/","title":{"rendered":"Mentions l\u00e9gales"},"content":{"rendered":"<style>.wp-block-kadence-spacer.kt-block-spacer-350_38f8e7-b5 .kt-block-spacer{height:30px;}.wp-block-kadence-spacer.kt-block-spacer-350_38f8e7-b5 .kt-divider{border-top-width:1px;height:1px;border-top-color:#02193f;width:80%;border-top-style:solid;}<\/style>\n<div class=\"wp-block-kadence-spacer aligncenter kt-block-spacer-350_38f8e7-b5\"><div class=\"kt-block-spacer kt-block-spacer-halign-left\"><hr class=\"kt-divider\"\/><\/div><\/div>\n\n\n\n<div class=\"wp-block-uagb-container uagb-block-3ab40c6b alignfull uagb-is-root-container\"><div class=\"uagb-container-inner-blocks-wrap\">\n<h2 class=\"wp-block-heading\">1. Edition du site<\/h2>\n\n\n\n<p class=\"has-text-align-left\">Le pr\u00e9sent site, accessible \u00e0 l\u2019URL <strong><a href=\"https:\/\/www.google.com\/search?q=https:\/\/www.kaptalis-pro.com\" target=\"_blank\" rel=\"noreferrer noopener\">www.kaptalis-consult.com<\/a><\/strong> (le \u00ab Site \u00bb), est \u00e9dit\u00e9 par :<br>Kaptalis-consult, immatricul\u00e9(e) au Registre du Commerce et des Soci\u00e9t\u00e9s de Montpellier sous le num\u00e9ro <strong>SIRET 900 429 044 00036<\/strong>.<\/p>\n\n\n\n<ul class=\"wp-block-list\">\n<li><strong>Forme juridique :<\/strong> Entrepreneur individuel<\/li>\n\n\n\n<li><strong>Num\u00e9ro de TVA Intracommunautaire :<\/strong> TVA non applicable, art. 293 B du CGI.<\/li>\n\n\n\n<li><strong>Directeur de la publication :<\/strong> Philippe Fernandez VALLE.<\/li>\n<\/ul>\n\n\n\n<h2 class=\"wp-block-heading\">2. H\u00e9bergement<\/h2>\n\n\n\n<p>Ce site est h\u00e9berg\u00e9 par OVH SAS 2 rue Kellermann &#8211; 59100 Roubaix &#8211; France<\/p>\n<\/div><\/div>\n\n\n\n<h2 class=\"wp-block-heading\">3. Propri\u00e9t\u00e9 intellectuelle<\/h2>\n\n\n\n<p>L\u2019ensemble de ce site rel\u00e8ve de la l\u00e9gislation fran\u00e7aise et internationale sur le droit d\u2019auteur et la propri\u00e9t\u00e9 intellectuelle. Tous les droits de reproduction sont r\u00e9serv\u00e9s, y compris pour les documents t\u00e9l\u00e9chargeables et les repr\u00e9sentations iconographiques et photographiques.<br>La reproduction de tout ou partie de ce site sur un support \u00e9lectronique quel qu\u2019il soit est formellement interdite sauf autorisation expresse du directeur de la publication.<br><em>Note concernant les images : Certaines images utilis\u00e9es sur ce site sont des cr\u00e9ations originales g\u00e9n\u00e9r\u00e9es par intelligence artificielle ou proviennent de banques d&rsquo;images libres de droits.<\/em><\/p>\n\n\n\n<h2 class=\"wp-block-heading\">4. Donn\u00e9es personnelles (RGPD)<\/h2>\n\n\n\n<p>Dans le cadre de son activit\u00e9, Kaptalis-consult peut \u00eatre amen\u00e9 \u00e0 collecter certaines donn\u00e9es personnelles via le formulaire de contact (Nom, Email).<br>Ces donn\u00e9es sont destin\u00e9es \u00e0 l&rsquo;usage exclusif de la soci\u00e9t\u00e9 <strong>Kaptalis-Consult<\/strong> dans le but de r\u00e9pondre aux demandes de contact et de g\u00e9rer la relation commerciale. Elles ne sont ni vendues ni transmises \u00e0 des tiers.<br>Conform\u00e9ment \u00e0 la loi \u00ab Informatique et Libert\u00e9s \u00bb et au RGPD, vous disposez d\u2019un droit d\u2019acc\u00e8s, de rectification et de suppression des donn\u00e9es vous concernant. Vous pouvez exercer ce droit en nous contactant \u00e0 : contact@kaptalis-consult.com<\/p>\n\n\n\n<h2 class=\"wp-block-heading\">5. Limitation de responsabilit\u00e9<\/h2>\n\n\n\n<p>Les informations contenues sur ce site sont aussi pr\u00e9cises que possible et le site est p\u00e9riodiquement remis \u00e0 jour, mais peut toutefois contenir des inexactitudes, des omissions ou des lacunes.<\/p>\n\n\n\n<hr class=\"wp-block-separator has-alpha-channel-opacity\"\/>\n","protected":false},"excerpt":{"rendered":"<p>1. Edition du site Le pr\u00e9sent site, accessible \u00e0 l\u2019URL www.kaptalis-consult.com (le \u00ab Site \u00bb), est \u00e9dit\u00e9 par :Kaptalis-consult, immatricul\u00e9(e) [&hellip;]<\/p>\n","protected":false},"author":1,"featured_media":0,"parent":0,"menu_order":0,"comment_status":"closed","ping_status":"closed","template":"","meta":{"_uag_custom_page_level_css":"","site-sidebar-layout":"default","site-content-layout":"","ast-site-content-layout":"default","site-content-style":"default","site-sidebar-style":"default","ast-global-header-display":"","ast-banner-title-visibility":"","ast-main-header-display":"","ast-hfb-above-header-display":"","ast-hfb-below-header-display":"","ast-hfb-mobile-header-display":"","site-post-title":"","ast-breadcrumbs-content":"","ast-featured-img":"","footer-sml-layout":"","theme-transparent-header-meta":"","adv-header-id-meta":"","stick-header-meta":"","header-above-stick-meta":"","header-main-stick-meta":"","header-below-stick-meta":"","astra-migrate-meta-layouts":"default","ast-page-background-enabled":"default","ast-page-background-meta":{"desktop":{"background-color":"var(--ast-global-color-5)","background-image":"","background-repeat":"repeat","background-position":"center center","background-size":"auto","background-attachment":"scroll","background-type":"","background-media":"","overlay-type":"","overlay-color":"","overlay-opacity":"","overlay-gradient":""},"tablet":{"background-color":"","background-image":"","background-repeat":"repeat","background-position":"center center","background-size":"auto","background-attachment":"scroll","background-type":"","background-media":"","overlay-type":"","overlay-color":"","overlay-opacity":"","overlay-gradient":""},"mobile":{"background-color":"","background-image":"","background-repeat":"repeat","background-position":"center center","background-size":"auto","background-attachment":"scroll","background-type":"","background-media":"","overlay-type":"","overlay-color":"","overlay-opacity":"","overlay-gradient":""}},"ast-content-background-meta":{"desktop":{"background-color":"var(--ast-global-color-4)","background-image":"","background-repeat":"repeat","background-position":"center center","background-size":"auto","background-attachment":"scroll","background-type":"","background-media":"","overlay-type":"","overlay-color":"","overlay-opacity":"","overlay-gradient":""},"tablet":{"background-color":"var(--ast-global-color-4)","background-image":"","background-repeat":"repeat","background-position":"center center","background-size":"auto","background-attachment":"scroll","background-type":"","background-media":"","overlay-type":"","overlay-color":"","overlay-opacity":"","overlay-gradient":""},"mobile":{"background-color":"var(--ast-global-color-4)","background-image":"","background-repeat":"repeat","background-position":"center center","background-size":"auto","background-attachment":"scroll","background-type":"","background-media":"","overlay-type":"","overlay-color":"","overlay-opacity":"","overlay-gradient":""}},"_kadence_starter_templates_imported_post":false,"footnotes":""},"class_list":["post-350","page","type-page","status-publish","hentry"],"uagb_featured_image_src":{"full":false,"thumbnail":false,"medium":false,"medium_large":false,"large":false,"1536x1536":false,"2048x2048":false},"uagb_author_info":{"display_name":"admin8250","author_link":"https:\/\/www.kaptalis-consult.com\/index.php\/author\/admin8250\/"},"uagb_comment_info":0,"uagb_excerpt":"1. Edition du site Le pr\u00e9sent site, accessible \u00e0 l\u2019URL www.kaptalis-consult.com (le \u00ab Site \u00bb), est \u00e9dit\u00e9 par :Kaptalis-consult, immatricul\u00e9(e) [&hellip;]","jetpack_sharing_enabled":true,"_links":{"self":[{"href":"https:\/\/www.kaptalis-consult.com\/index.php\/wp-json\/wp\/v2\/pages\/350","targetHints":{"allow":["GET"]}}],"collection":[{"href":"https:\/\/www.kaptalis-consult.com\/index.php\/wp-json\/wp\/v2\/pages"}],"about":[{"href":"https:\/\/www.kaptalis-consult.com\/index.php\/wp-json\/wp\/v2\/types\/page"}],"author":[{"embeddable":true,"href":"https:\/\/www.kaptalis-consult.com\/index.php\/wp-json\/wp\/v2\/users\/1"}],"replies":[{"embeddable":true,"href":"https:\/\/www.kaptalis-consult.com\/index.php\/wp-json\/wp\/v2\/comments?post=350"}],"version-history":[{"count":7,"href":"https:\/\/www.kaptalis-consult.com\/index.php\/wp-json\/wp\/v2\/pages\/350\/revisions"}],"predecessor-version":[{"id":397,"href":"https:\/\/www.kaptalis-consult.com\/index.php\/wp-json\/wp\/v2\/pages\/350\/revisions\/397"}],"wp:attachment":[{"href":"https:\/\/www.kaptalis-consult.com\/index.php\/wp-json\/wp\/v2\/media?parent=350"}],"curies":[{"name":"wp","href":"https:\/\/api.w.org\/{rel}","templated":true}]}}